{"id":107877,"date":"2020-08-24T09:31:01","date_gmt":"2020-08-24T08:31:01","guid":{"rendered":"https:\/\/www.persistent.com\/homepage\/"},"modified":"2026-01-13T09:24:04","modified_gmt":"2026-01-13T08:24:04","slug":"homepage","status":"publish","type":"page","link":"https:\/\/www.persistent.com\/de\/","title":{"rendered":"Homepage"},"content":{"rendered":"","protected":false},"excerpt":{"rendered":"","protected":false},"author":1,"featured_media":0,"parent":0,"menu_order":0,"comment_status":"closed","ping_status":"closed","template":"views\/template-homepage.blade.php","meta":{"footnotes":""},"class_list":["post-107877","page","type-page","status-publish","hentry"],"yoast_head":"<!-- This site is optimized with the Yoast SEO Premium plugin v26.9 (Yoast SEO v26.9) - https:\/\/yoast.com\/product\/yoast-seo-premium-wordpress\/ -->\n<title>Persistent - Digitale Technik | Gesch\u00e4ftsmodernisierung<\/title>\n<meta name=\"description\" content=\"Persistent Systems ist ein zuverl\u00e4ssiger Partner f\u00fcr Digitale Technik Gesch\u00e4ftsmodernisierung f\u00fcr globale Marktf\u00fchrer in verschiedenen Branchen.\" \/>\n<meta name=\"robots\" content=\"index, follow, max-snippet:-1, max-image-preview:large, max-video-preview:-1\" \/>\n<link rel=\"canonical\" href=\"https:\/\/www.persistent.com\/de\/\" \/>\n<meta property=\"og:locale\" content=\"de_DE\" \/>\n<meta property=\"og:type\" content=\"article\" \/>\n<meta property=\"og:title\" content=\"Persistent - Digital Engineering | Enterprise Modernization Services\" \/>\n<meta property=\"og:description\" content=\"Persistent Systems is a trusted Digital Engineering and Enterprise Modernization partner for global market leaders across Industries.\" \/>\n<meta property=\"og:url\" content=\"https:\/\/www.persistent.com\/de\/\" \/>\n<meta property=\"og:site_name\" content=\"Persistent Systems\" \/>\n<meta property=\"article:publisher\" content=\"https:\/\/www.facebook.com\/PersistentSystems\" \/>\n<meta property=\"article:modified_time\" content=\"2026-01-13T08:24:04+00:00\" \/>\n<meta property=\"og:image\" content=\"https:\/\/www.persistent.com\/wp-content\/uploads\/2022\/10\/Persistent-Systems-OG-Image-Facebook.jpg\" \/>\n\t<meta property=\"og:image:width\" content=\"1200\" \/>\n\t<meta property=\"og:image:height\" content=\"630\" \/>\n\t<meta property=\"og:image:type\" content=\"image\/jpeg\" \/>\n<meta name=\"twitter:card\" content=\"summary_large_image\" \/>\n<meta name=\"twitter:title\" content=\"Persistent - Digital Engineering | Enterprise Modernization Services\" \/>\n<meta name=\"twitter:description\" content=\"Persistent Systems is a trusted Digital Engineering and Enterprise Modernization partner for global market leaders across Industries.\" \/>\n<meta name=\"twitter:image\" content=\"https:\/\/www.persistent.com\/wp-content\/uploads\/2022\/10\/Persistent-Systems-OG-Image-Twitter.jpg\" \/>\n<meta name=\"twitter:site\" content=\"@Persistentsys\" \/>\n<script type=\"application\/ld+json\" class=\"yoast-schema-graph\">{\"@context\":\"https:\/\/schema.org\",\"@graph\":[{\"@type\":\"WebPage\",\"@id\":\"https:\/\/www.persistent.com\/de\/\",\"url\":\"https:\/\/www.persistent.com\/de\/\",\"name\":\"Persistent - Digitale Technik | Gesch\u00e4ftsmodernisierung\",\"isPartOf\":{\"@id\":\"https:\/\/www.persistent.com\/de\/#website\"},\"datePublished\":\"2020-08-24T08:31:01+00:00\",\"dateModified\":\"2026-01-13T08:24:04+00:00\",\"description\":\"Persistent Systems ist ein zuverl\u00e4ssiger Partner f\u00fcr Digitale Technik Gesch\u00e4ftsmodernisierung f\u00fcr globale Marktf\u00fchrer in verschiedenen Branchen.\",\"breadcrumb\":{\"@id\":\"https:\/\/www.persistent.com\/de\/#breadcrumb\"},\"inLanguage\":\"de-DE\",\"potentialAction\":[{\"@type\":\"ReadAction\",\"target\":[\"https:\/\/www.persistent.com\/de\/\"]}]},{\"@type\":\"BreadcrumbList\",\"@id\":\"https:\/\/www.persistent.com\/de\/#breadcrumb\",\"itemListElement\":[{\"@type\":\"ListItem\",\"position\":1,\"name\":\"Home\",\"item\":\"https:\/\/www.persistent.com\/de\/\"},{\"@type\":\"ListItem\",\"position\":2,\"name\":\"Homepage\"}]},{\"@type\":\"WebSite\",\"@id\":\"https:\/\/www.persistent.com\/de\/#website\",\"url\":\"https:\/\/www.persistent.com\/de\/\",\"name\":\"Persistent Systems\",\"description\":\"See Beyond, Rise Above\",\"publisher\":{\"@id\":\"https:\/\/www.persistent.com\/de\/#organization\"},\"potentialAction\":[{\"@type\":\"SearchAction\",\"target\":{\"@type\":\"EntryPoint\",\"urlTemplate\":\"https:\/\/www.persistent.com\/de\/?s={search_term_string}\"},\"query-input\":{\"@type\":\"PropertyValueSpecification\",\"valueRequired\":true,\"valueName\":\"search_term_string\"}}],\"inLanguage\":\"de-DE\"},{\"@type\":\"Organization\",\"@id\":\"https:\/\/www.persistent.com\/de\/#organization\",\"name\":\"Persistent Systems\",\"url\":\"https:\/\/www.persistent.com\/de\/\",\"logo\":{\"@type\":\"ImageObject\",\"inLanguage\":\"de-DE\",\"@id\":\"https:\/\/www.persistent.com\/de\/#\/schema\/logo\/image\/\",\"url\":\"https:\/\/www.persistent.com\/wp-content\/uploads\/2020\/09\/persistent-systems-header-logo.png\",\"contentUrl\":\"https:\/\/www.persistent.com\/wp-content\/uploads\/2020\/09\/persistent-systems-header-logo.png\",\"width\":435,\"height\":109,\"caption\":\"Persistent Systems\"},\"image\":{\"@id\":\"https:\/\/www.persistent.com\/de\/#\/schema\/logo\/image\/\"},\"sameAs\":[\"https:\/\/www.facebook.com\/PersistentSystems\",\"https:\/\/x.com\/Persistentsys\",\"https:\/\/www.instagram.com\/persistent_systems\/\",\"https:\/\/www.linkedin.com\/company\/persistent-systems\",\"https:\/\/www.youtube.com\/channel\/UCcHUpqmNBz3lkTEbIVT_4mQ\"]}]}<\/script>\n<!-- \/ Yoast SEO Premium plugin. -->","yoast_head_json":{"title":"Persistent - Digitale Technik | Gesch\u00e4ftsmodernisierung","description":"Persistent Systems ist ein zuverl\u00e4ssiger Partner f\u00fcr Digitale Technik Gesch\u00e4ftsmodernisierung f\u00fcr globale Marktf\u00fchrer in verschiedenen Branchen.","robots":{"index":"index","follow":"follow","max-snippet":"max-snippet:-1","max-image-preview":"max-image-preview:large","max-video-preview":"max-video-preview:-1"},"canonical":"https:\/\/www.persistent.com\/de\/","og_locale":"de_DE","og_type":"article","og_title":"Persistent - Digital Engineering | Enterprise Modernization Services","og_description":"Persistent Systems is a trusted Digital Engineering and Enterprise Modernization partner for global market leaders across Industries.","og_url":"https:\/\/www.persistent.com\/de\/","og_site_name":"Persistent Systems","article_publisher":"https:\/\/www.facebook.com\/PersistentSystems","article_modified_time":"2026-01-13T08:24:04+00:00","og_image":[{"width":1200,"height":630,"url":"https:\/\/www.persistent.com\/wp-content\/uploads\/2022\/10\/Persistent-Systems-OG-Image-Facebook.jpg","type":"image\/jpeg"}],"twitter_card":"summary_large_image","twitter_title":"Persistent - Digital Engineering | Enterprise Modernization Services","twitter_description":"Persistent Systems is a trusted Digital Engineering and Enterprise Modernization partner for global market leaders across Industries.","twitter_image":"https:\/\/www.persistent.com\/wp-content\/uploads\/2022\/10\/Persistent-Systems-OG-Image-Twitter.jpg","twitter_site":"@Persistentsys","schema":{"@context":"https:\/\/schema.org","@graph":[{"@type":"WebPage","@id":"https:\/\/www.persistent.com\/de\/","url":"https:\/\/www.persistent.com\/de\/","name":"Persistent - Digitale Technik | Gesch\u00e4ftsmodernisierung","isPartOf":{"@id":"https:\/\/www.persistent.com\/de\/#website"},"datePublished":"2020-08-24T08:31:01+00:00","dateModified":"2026-01-13T08:24:04+00:00","description":"Persistent Systems ist ein zuverl\u00e4ssiger Partner f\u00fcr Digitale Technik Gesch\u00e4ftsmodernisierung f\u00fcr globale Marktf\u00fchrer in verschiedenen Branchen.","breadcrumb":{"@id":"https:\/\/www.persistent.com\/de\/#breadcrumb"},"inLanguage":"de-DE","potentialAction":[{"@type":"ReadAction","target":["https:\/\/www.persistent.com\/de\/"]}]},{"@type":"BreadcrumbList","@id":"https:\/\/www.persistent.com\/de\/#breadcrumb","itemListElement":[{"@type":"ListItem","position":1,"name":"Home","item":"https:\/\/www.persistent.com\/de\/"},{"@type":"ListItem","position":2,"name":"Homepage"}]},{"@type":"WebSite","@id":"https:\/\/www.persistent.com\/de\/#website","url":"https:\/\/www.persistent.com\/de\/","name":"Persistent Systems","description":"See Beyond, Rise Above","publisher":{"@id":"https:\/\/www.persistent.com\/de\/#organization"},"potentialAction":[{"@type":"SearchAction","target":{"@type":"EntryPoint","urlTemplate":"https:\/\/www.persistent.com\/de\/?s={search_term_string}"},"query-input":{"@type":"PropertyValueSpecification","valueRequired":true,"valueName":"search_term_string"}}],"inLanguage":"de-DE"},{"@type":"Organization","@id":"https:\/\/www.persistent.com\/de\/#organization","name":"Persistent Systems","url":"https:\/\/www.persistent.com\/de\/","logo":{"@type":"ImageObject","inLanguage":"de-DE","@id":"https:\/\/www.persistent.com\/de\/#\/schema\/logo\/image\/","url":"https:\/\/www.persistent.com\/wp-content\/uploads\/2020\/09\/persistent-systems-header-logo.png","contentUrl":"https:\/\/www.persistent.com\/wp-content\/uploads\/2020\/09\/persistent-systems-header-logo.png","width":435,"height":109,"caption":"Persistent Systems"},"image":{"@id":"https:\/\/www.persistent.com\/de\/#\/schema\/logo\/image\/"},"sameAs":["https:\/\/www.facebook.com\/PersistentSystems","https:\/\/x.com\/Persistentsys","https:\/\/www.instagram.com\/persistent_systems\/","https:\/\/www.linkedin.com\/company\/persistent-systems","https:\/\/www.youtube.com\/channel\/UCcHUpqmNBz3lkTEbIVT_4mQ"]}]}},"acf":[],"_links":{"self":[{"href":"https:\/\/www.persistent.com\/de\/wp-json\/wp\/v2\/pages\/107877","targetHints":{"allow":["GET"]}}],"collection":[{"href":"https:\/\/www.persistent.com\/de\/wp-json\/wp\/v2\/pages"}],"about":[{"href":"https:\/\/www.persistent.com\/de\/wp-json\/wp\/v2\/types\/page"}],"author":[{"embeddable":true,"href":"https:\/\/www.persistent.com\/de\/wp-json\/wp\/v2\/users\/1"}],"replies":[{"embeddable":true,"href":"https:\/\/www.persistent.com\/de\/wp-json\/wp\/v2\/comments?post=107877"}],"version-history":[{"count":87,"href":"https:\/\/www.persistent.com\/de\/wp-json\/wp\/v2\/pages\/107877\/revisions"}],"predecessor-version":[{"id":145086,"href":"https:\/\/www.persistent.com\/de\/wp-json\/wp\/v2\/pages\/107877\/revisions\/145086"}],"wp:attachment":[{"href":"https:\/\/www.persistent.com\/de\/wp-json\/wp\/v2\/media?parent=107877"}],"curies":[{"name":"wp","href":"https:\/\/api.w.org\/{rel}","templated":true}]}}