{"id":107906,"date":"2020-07-14T07:24:13","date_gmt":"2020-07-14T06:24:13","guid":{"rendered":"https:\/\/www.persistent.com\/industries\/"},"modified":"2024-10-14T13:37:29","modified_gmt":"2024-10-14T12:37:29","slug":"industries","status":"publish","type":"page","link":"https:\/\/www.persistent.com\/de\/industries\/","title":{"rendered":"Industries"},"content":{"rendered":"","protected":false},"excerpt":{"rendered":"","protected":false},"author":2,"featured_media":0,"parent":0,"menu_order":0,"comment_status":"closed","ping_status":"closed","template":"views\/template-t15-industry-landing.blade.php","meta":{"footnotes":""},"class_list":["post-107906","page","type-page","status-publish","hentry"],"yoast_head":"<!-- This site is optimized with the Yoast SEO Premium plugin v26.9 (Yoast SEO v26.9) - https:\/\/yoast.com\/product\/yoast-seo-premium-wordpress\/ -->\n<title>Branchen | Persistent Systems<\/title>\n<meta name=\"description\" content=\"Erfahren Sie Details \u00fcber alle Branchen, in denen Persistent Systems t\u00e4tig ist. Informieren Sie sich \u00fcber die Angebote und L\u00f6sungen in den jeweiligen Branchen, die wir anbieten.\" \/>\n<meta name=\"robots\" content=\"index, follow, max-snippet:-1, max-image-preview:large, max-video-preview:-1\" \/>\n<link rel=\"canonical\" href=\"https:\/\/www.persistent.com\/de\/industries\/\" \/>\n<meta property=\"og:locale\" content=\"de_DE\" \/>\n<meta property=\"og:type\" content=\"article\" \/>\n<meta property=\"og:title\" content=\"Industries | Persistent Systems\" \/>\n<meta property=\"og:description\" content=\"Know details about all the industries Persistent Systems works in. Get details on offerings and solution in respective industry we provide.\" \/>\n<meta property=\"og:url\" content=\"https:\/\/www.persistent.com\/de\/industries\/\" \/>\n<meta property=\"og:site_name\" content=\"Persistent Systems\" \/>\n<meta property=\"article:publisher\" content=\"https:\/\/www.facebook.com\/PersistentSystems\" \/>\n<meta property=\"article:modified_time\" content=\"2024-10-14T12:37:29+00:00\" \/>\n<meta property=\"og:image\" content=\"https:\/\/www.persistent.com\/wp-content\/uploads\/2022\/10\/Persistent-Systems-OG-Image-Facebook.jpg\" \/>\n\t<meta property=\"og:image:width\" content=\"1200\" \/>\n\t<meta property=\"og:image:height\" content=\"630\" \/>\n\t<meta property=\"og:image:type\" content=\"image\/jpeg\" \/>\n<meta name=\"twitter:card\" content=\"summary_large_image\" \/>\n<meta name=\"twitter:title\" content=\"Industries | Persistent Systems\" \/>\n<meta name=\"twitter:description\" content=\"Know details about all the industries Persistent Systems works in. Get details on offerings and solution in respective industry we provide.\" \/>\n<meta name=\"twitter:site\" content=\"@Persistentsys\" \/>\n<script type=\"application\/ld+json\" class=\"yoast-schema-graph\">{\"@context\":\"https:\/\/schema.org\",\"@graph\":[{\"@type\":\"WebPage\",\"@id\":\"https:\/\/www.persistent.com\/de\/industries\/\",\"url\":\"https:\/\/www.persistent.com\/de\/industries\/\",\"name\":\"Branchen | Persistent Systems\",\"isPartOf\":{\"@id\":\"https:\/\/www.persistent.com\/de\/#website\"},\"datePublished\":\"2020-07-14T06:24:13+00:00\",\"dateModified\":\"2024-10-14T12:37:29+00:00\",\"description\":\"Erfahren Sie Details \u00fcber alle Branchen, in denen Persistent Systems t\u00e4tig ist. Informieren Sie sich \u00fcber die Angebote und L\u00f6sungen in den jeweiligen Branchen, die wir anbieten.\",\"breadcrumb\":{\"@id\":\"https:\/\/www.persistent.com\/de\/industries\/#breadcrumb\"},\"inLanguage\":\"de-DE\",\"potentialAction\":[{\"@type\":\"ReadAction\",\"target\":[\"https:\/\/www.persistent.com\/de\/industries\/\"]}]},{\"@type\":\"BreadcrumbList\",\"@id\":\"https:\/\/www.persistent.com\/de\/industries\/#breadcrumb\",\"itemListElement\":[{\"@type\":\"ListItem\",\"position\":1,\"name\":\"Home\",\"item\":\"https:\/\/www.persistent.com\/de\/\"},{\"@type\":\"ListItem\",\"position\":2,\"name\":\"Industries\"}]},{\"@type\":\"WebSite\",\"@id\":\"https:\/\/www.persistent.com\/de\/#website\",\"url\":\"https:\/\/www.persistent.com\/de\/\",\"name\":\"Persistent Systems\",\"description\":\"See Beyond, Rise Above\",\"publisher\":{\"@id\":\"https:\/\/www.persistent.com\/de\/#organization\"},\"potentialAction\":[{\"@type\":\"SearchAction\",\"target\":{\"@type\":\"EntryPoint\",\"urlTemplate\":\"https:\/\/www.persistent.com\/de\/?s={search_term_string}\"},\"query-input\":{\"@type\":\"PropertyValueSpecification\",\"valueRequired\":true,\"valueName\":\"search_term_string\"}}],\"inLanguage\":\"de-DE\"},{\"@type\":\"Organization\",\"@id\":\"https:\/\/www.persistent.com\/de\/#organization\",\"name\":\"Persistent Systems\",\"url\":\"https:\/\/www.persistent.com\/de\/\",\"logo\":{\"@type\":\"ImageObject\",\"inLanguage\":\"de-DE\",\"@id\":\"https:\/\/www.persistent.com\/de\/#\/schema\/logo\/image\/\",\"url\":\"https:\/\/www.persistent.com\/wp-content\/uploads\/2020\/09\/persistent-systems-header-logo.png\",\"contentUrl\":\"https:\/\/www.persistent.com\/wp-content\/uploads\/2020\/09\/persistent-systems-header-logo.png\",\"width\":435,\"height\":109,\"caption\":\"Persistent Systems\"},\"image\":{\"@id\":\"https:\/\/www.persistent.com\/de\/#\/schema\/logo\/image\/\"},\"sameAs\":[\"https:\/\/www.facebook.com\/PersistentSystems\",\"https:\/\/x.com\/Persistentsys\",\"https:\/\/www.instagram.com\/persistent_systems\/\",\"https:\/\/www.linkedin.com\/company\/persistent-systems\",\"https:\/\/www.youtube.com\/channel\/UCcHUpqmNBz3lkTEbIVT_4mQ\"]}]}<\/script>\n<!-- \/ Yoast SEO Premium plugin. -->","yoast_head_json":{"title":"Branchen | Persistent Systems","description":"Erfahren Sie Details \u00fcber alle Branchen, in denen Persistent Systems t\u00e4tig ist. Informieren Sie sich \u00fcber die Angebote und L\u00f6sungen in den jeweiligen Branchen, die wir anbieten.","robots":{"index":"index","follow":"follow","max-snippet":"max-snippet:-1","max-image-preview":"max-image-preview:large","max-video-preview":"max-video-preview:-1"},"canonical":"https:\/\/www.persistent.com\/de\/industries\/","og_locale":"de_DE","og_type":"article","og_title":"Industries | Persistent Systems","og_description":"Know details about all the industries Persistent Systems works in. Get details on offerings and solution in respective industry we provide.","og_url":"https:\/\/www.persistent.com\/de\/industries\/","og_site_name":"Persistent Systems","article_publisher":"https:\/\/www.facebook.com\/PersistentSystems","article_modified_time":"2024-10-14T12:37:29+00:00","og_image":[{"width":1200,"height":630,"url":"https:\/\/www.persistent.com\/wp-content\/uploads\/2022\/10\/Persistent-Systems-OG-Image-Facebook.jpg","type":"image\/jpeg"}],"twitter_card":"summary_large_image","twitter_title":"Industries | Persistent Systems","twitter_description":"Know details about all the industries Persistent Systems works in. Get details on offerings and solution in respective industry we provide.","twitter_site":"@Persistentsys","schema":{"@context":"https:\/\/schema.org","@graph":[{"@type":"WebPage","@id":"https:\/\/www.persistent.com\/de\/industries\/","url":"https:\/\/www.persistent.com\/de\/industries\/","name":"Branchen | Persistent Systems","isPartOf":{"@id":"https:\/\/www.persistent.com\/de\/#website"},"datePublished":"2020-07-14T06:24:13+00:00","dateModified":"2024-10-14T12:37:29+00:00","description":"Erfahren Sie Details \u00fcber alle Branchen, in denen Persistent Systems t\u00e4tig ist. Informieren Sie sich \u00fcber die Angebote und L\u00f6sungen in den jeweiligen Branchen, die wir anbieten.","breadcrumb":{"@id":"https:\/\/www.persistent.com\/de\/industries\/#breadcrumb"},"inLanguage":"de-DE","potentialAction":[{"@type":"ReadAction","target":["https:\/\/www.persistent.com\/de\/industries\/"]}]},{"@type":"BreadcrumbList","@id":"https:\/\/www.persistent.com\/de\/industries\/#breadcrumb","itemListElement":[{"@type":"ListItem","position":1,"name":"Home","item":"https:\/\/www.persistent.com\/de\/"},{"@type":"ListItem","position":2,"name":"Industries"}]},{"@type":"WebSite","@id":"https:\/\/www.persistent.com\/de\/#website","url":"https:\/\/www.persistent.com\/de\/","name":"Persistent Systems","description":"See Beyond, Rise Above","publisher":{"@id":"https:\/\/www.persistent.com\/de\/#organization"},"potentialAction":[{"@type":"SearchAction","target":{"@type":"EntryPoint","urlTemplate":"https:\/\/www.persistent.com\/de\/?s={search_term_string}"},"query-input":{"@type":"PropertyValueSpecification","valueRequired":true,"valueName":"search_term_string"}}],"inLanguage":"de-DE"},{"@type":"Organization","@id":"https:\/\/www.persistent.com\/de\/#organization","name":"Persistent Systems","url":"https:\/\/www.persistent.com\/de\/","logo":{"@type":"ImageObject","inLanguage":"de-DE","@id":"https:\/\/www.persistent.com\/de\/#\/schema\/logo\/image\/","url":"https:\/\/www.persistent.com\/wp-content\/uploads\/2020\/09\/persistent-systems-header-logo.png","contentUrl":"https:\/\/www.persistent.com\/wp-content\/uploads\/2020\/09\/persistent-systems-header-logo.png","width":435,"height":109,"caption":"Persistent Systems"},"image":{"@id":"https:\/\/www.persistent.com\/de\/#\/schema\/logo\/image\/"},"sameAs":["https:\/\/www.facebook.com\/PersistentSystems","https:\/\/x.com\/Persistentsys","https:\/\/www.instagram.com\/persistent_systems\/","https:\/\/www.linkedin.com\/company\/persistent-systems","https:\/\/www.youtube.com\/channel\/UCcHUpqmNBz3lkTEbIVT_4mQ"]}]}},"acf":[],"_links":{"self":[{"href":"https:\/\/www.persistent.com\/de\/wp-json\/wp\/v2\/pages\/107906","targetHints":{"allow":["GET"]}}],"collection":[{"href":"https:\/\/www.persistent.com\/de\/wp-json\/wp\/v2\/pages"}],"about":[{"href":"https:\/\/www.persistent.com\/de\/wp-json\/wp\/v2\/types\/page"}],"author":[{"embeddable":true,"href":"https:\/\/www.persistent.com\/de\/wp-json\/wp\/v2\/users\/2"}],"replies":[{"embeddable":true,"href":"https:\/\/www.persistent.com\/de\/wp-json\/wp\/v2\/comments?post=107906"}],"version-history":[{"count":15,"href":"https:\/\/www.persistent.com\/de\/wp-json\/wp\/v2\/pages\/107906\/revisions"}],"predecessor-version":[{"id":127739,"href":"https:\/\/www.persistent.com\/de\/wp-json\/wp\/v2\/pages\/107906\/revisions\/127739"}],"wp:attachment":[{"href":"https:\/\/www.persistent.com\/de\/wp-json\/wp\/v2\/media?parent=107906"}],"curies":[{"name":"wp","href":"https:\/\/api.w.org\/{rel}","templated":true}]}}