{"id":107767,"date":"2020-07-14T07:24:13","date_gmt":"2020-07-14T06:24:13","guid":{"rendered":"https:\/\/www.persistent.com\/industries\/"},"modified":"2024-09-18T09:29:33","modified_gmt":"2024-09-18T08:29:33","slug":"industries","status":"publish","type":"page","link":"https:\/\/www.persistent.com\/fr\/industries\/","title":{"rendered":"Industries"},"content":{"rendered":"","protected":false},"excerpt":{"rendered":"","protected":false},"author":2,"featured_media":0,"parent":0,"menu_order":0,"comment_status":"closed","ping_status":"closed","template":"views\/template-t15-industry-landing.blade.php","meta":{"footnotes":""},"class_list":["post-107767","page","type-page","status-publish","hentry"],"yoast_head":"<!-- This site is optimized with the Yoast SEO Premium plugin v26.9 (Yoast SEO v26.9) - https:\/\/yoast.com\/product\/yoast-seo-premium-wordpress\/ -->\n<title>Industries | Syst\u00e8mes PersistentLes industries | Persistent Syst\u00e8mes<\/title>\n<meta name=\"description\" content=\"Conna\u00eetre les d\u00e9tails de toutes les industries dans lesquelles Persistent Systems travaille. Obtenez des d\u00e9tails sur les offres et les solutions que nous proposons dans chaque secteur d&#039;activit\u00e9.\" \/>\n<meta name=\"robots\" content=\"index, follow, max-snippet:-1, max-image-preview:large, max-video-preview:-1\" \/>\n<link rel=\"canonical\" href=\"https:\/\/www.persistent.com\/fr\/industries\/\" \/>\n<meta property=\"og:locale\" content=\"fr_FR\" \/>\n<meta property=\"og:type\" content=\"article\" \/>\n<meta property=\"og:title\" content=\"Industries | Persistent Systems\" \/>\n<meta property=\"og:description\" content=\"Know details about all the industries Persistent Systems works in. Get details on offerings and solution in respective industry we provide.\" \/>\n<meta property=\"og:url\" content=\"https:\/\/www.persistent.com\/fr\/industries\/\" \/>\n<meta property=\"og:site_name\" content=\"Persistent Systems\" \/>\n<meta property=\"article:publisher\" content=\"https:\/\/www.facebook.com\/PersistentSystems\" \/>\n<meta property=\"article:modified_time\" content=\"2024-09-18T08:29:33+00:00\" \/>\n<meta property=\"og:image\" content=\"https:\/\/www.persistent.com\/wp-content\/uploads\/2022\/10\/Persistent-Systems-OG-Image-Facebook.jpg\" \/>\n\t<meta property=\"og:image:width\" content=\"1200\" \/>\n\t<meta property=\"og:image:height\" content=\"630\" \/>\n\t<meta property=\"og:image:type\" content=\"image\/jpeg\" \/>\n<meta name=\"twitter:card\" content=\"summary_large_image\" \/>\n<meta name=\"twitter:title\" content=\"Industries | Persistent Systems\" \/>\n<meta name=\"twitter:description\" content=\"Know details about all the industries Persistent Systems works in. Get details on offerings and solution in respective industry we provide.\" \/>\n<meta name=\"twitter:site\" content=\"@Persistentsys\" \/>\n<script type=\"application\/ld+json\" class=\"yoast-schema-graph\">{\"@context\":\"https:\/\/schema.org\",\"@graph\":[{\"@type\":\"WebPage\",\"@id\":\"https:\/\/www.persistent.com\/fr\/industries\/\",\"url\":\"https:\/\/www.persistent.com\/fr\/industries\/\",\"name\":\"Industries | Syst\u00e8mes PersistentLes industries | Persistent Syst\u00e8mes\",\"isPartOf\":{\"@id\":\"https:\/\/www.persistent.com\/fr\/#website\"},\"datePublished\":\"2020-07-14T06:24:13+00:00\",\"dateModified\":\"2024-09-18T08:29:33+00:00\",\"description\":\"Conna\u00eetre les d\u00e9tails de toutes les industries dans lesquelles Persistent Systems travaille. Obtenez des d\u00e9tails sur les offres et les solutions que nous proposons dans chaque secteur d'activit\u00e9.\",\"breadcrumb\":{\"@id\":\"https:\/\/www.persistent.com\/fr\/industries\/#breadcrumb\"},\"inLanguage\":\"fr-FR\",\"potentialAction\":[{\"@type\":\"ReadAction\",\"target\":[\"https:\/\/www.persistent.com\/fr\/industries\/\"]}]},{\"@type\":\"BreadcrumbList\",\"@id\":\"https:\/\/www.persistent.com\/fr\/industries\/#breadcrumb\",\"itemListElement\":[{\"@type\":\"ListItem\",\"position\":1,\"name\":\"Home\",\"item\":\"https:\/\/www.persistent.com\/fr\/\"},{\"@type\":\"ListItem\",\"position\":2,\"name\":\"Industries\"}]},{\"@type\":\"WebSite\",\"@id\":\"https:\/\/www.persistent.com\/fr\/#website\",\"url\":\"https:\/\/www.persistent.com\/fr\/\",\"name\":\"Persistent Systems\",\"description\":\"See Beyond, Rise Above\",\"publisher\":{\"@id\":\"https:\/\/www.persistent.com\/fr\/#organization\"},\"potentialAction\":[{\"@type\":\"SearchAction\",\"target\":{\"@type\":\"EntryPoint\",\"urlTemplate\":\"https:\/\/www.persistent.com\/fr\/?s={search_term_string}\"},\"query-input\":{\"@type\":\"PropertyValueSpecification\",\"valueRequired\":true,\"valueName\":\"search_term_string\"}}],\"inLanguage\":\"fr-FR\"},{\"@type\":\"Organization\",\"@id\":\"https:\/\/www.persistent.com\/fr\/#organization\",\"name\":\"Persistent Systems\",\"url\":\"https:\/\/www.persistent.com\/fr\/\",\"logo\":{\"@type\":\"ImageObject\",\"inLanguage\":\"fr-FR\",\"@id\":\"https:\/\/www.persistent.com\/fr\/#\/schema\/logo\/image\/\",\"url\":\"https:\/\/www.persistent.com\/wp-content\/uploads\/2020\/09\/persistent-systems-header-logo.png\",\"contentUrl\":\"https:\/\/www.persistent.com\/wp-content\/uploads\/2020\/09\/persistent-systems-header-logo.png\",\"width\":435,\"height\":109,\"caption\":\"Persistent Systems\"},\"image\":{\"@id\":\"https:\/\/www.persistent.com\/fr\/#\/schema\/logo\/image\/\"},\"sameAs\":[\"https:\/\/www.facebook.com\/PersistentSystems\",\"https:\/\/x.com\/Persistentsys\",\"https:\/\/www.instagram.com\/persistent_systems\/\",\"https:\/\/www.linkedin.com\/company\/persistent-systems\",\"https:\/\/www.youtube.com\/channel\/UCcHUpqmNBz3lkTEbIVT_4mQ\"]}]}<\/script>\n<!-- \/ Yoast SEO Premium plugin. -->","yoast_head_json":{"title":"Industries | Syst\u00e8mes PersistentLes industries | Persistent Syst\u00e8mes","description":"Conna\u00eetre les d\u00e9tails de toutes les industries dans lesquelles Persistent Systems travaille. Obtenez des d\u00e9tails sur les offres et les solutions que nous proposons dans chaque secteur d'activit\u00e9.","robots":{"index":"index","follow":"follow","max-snippet":"max-snippet:-1","max-image-preview":"max-image-preview:large","max-video-preview":"max-video-preview:-1"},"canonical":"https:\/\/www.persistent.com\/fr\/industries\/","og_locale":"fr_FR","og_type":"article","og_title":"Industries | Persistent Systems","og_description":"Know details about all the industries Persistent Systems works in. Get details on offerings and solution in respective industry we provide.","og_url":"https:\/\/www.persistent.com\/fr\/industries\/","og_site_name":"Persistent Systems","article_publisher":"https:\/\/www.facebook.com\/PersistentSystems","article_modified_time":"2024-09-18T08:29:33+00:00","og_image":[{"width":1200,"height":630,"url":"https:\/\/www.persistent.com\/wp-content\/uploads\/2022\/10\/Persistent-Systems-OG-Image-Facebook.jpg","type":"image\/jpeg"}],"twitter_card":"summary_large_image","twitter_title":"Industries | Persistent Systems","twitter_description":"Know details about all the industries Persistent Systems works in. Get details on offerings and solution in respective industry we provide.","twitter_site":"@Persistentsys","schema":{"@context":"https:\/\/schema.org","@graph":[{"@type":"WebPage","@id":"https:\/\/www.persistent.com\/fr\/industries\/","url":"https:\/\/www.persistent.com\/fr\/industries\/","name":"Industries | Syst\u00e8mes PersistentLes industries | Persistent Syst\u00e8mes","isPartOf":{"@id":"https:\/\/www.persistent.com\/fr\/#website"},"datePublished":"2020-07-14T06:24:13+00:00","dateModified":"2024-09-18T08:29:33+00:00","description":"Conna\u00eetre les d\u00e9tails de toutes les industries dans lesquelles Persistent Systems travaille. Obtenez des d\u00e9tails sur les offres et les solutions que nous proposons dans chaque secteur d'activit\u00e9.","breadcrumb":{"@id":"https:\/\/www.persistent.com\/fr\/industries\/#breadcrumb"},"inLanguage":"fr-FR","potentialAction":[{"@type":"ReadAction","target":["https:\/\/www.persistent.com\/fr\/industries\/"]}]},{"@type":"BreadcrumbList","@id":"https:\/\/www.persistent.com\/fr\/industries\/#breadcrumb","itemListElement":[{"@type":"ListItem","position":1,"name":"Home","item":"https:\/\/www.persistent.com\/fr\/"},{"@type":"ListItem","position":2,"name":"Industries"}]},{"@type":"WebSite","@id":"https:\/\/www.persistent.com\/fr\/#website","url":"https:\/\/www.persistent.com\/fr\/","name":"Persistent Systems","description":"See Beyond, Rise Above","publisher":{"@id":"https:\/\/www.persistent.com\/fr\/#organization"},"potentialAction":[{"@type":"SearchAction","target":{"@type":"EntryPoint","urlTemplate":"https:\/\/www.persistent.com\/fr\/?s={search_term_string}"},"query-input":{"@type":"PropertyValueSpecification","valueRequired":true,"valueName":"search_term_string"}}],"inLanguage":"fr-FR"},{"@type":"Organization","@id":"https:\/\/www.persistent.com\/fr\/#organization","name":"Persistent Systems","url":"https:\/\/www.persistent.com\/fr\/","logo":{"@type":"ImageObject","inLanguage":"fr-FR","@id":"https:\/\/www.persistent.com\/fr\/#\/schema\/logo\/image\/","url":"https:\/\/www.persistent.com\/wp-content\/uploads\/2020\/09\/persistent-systems-header-logo.png","contentUrl":"https:\/\/www.persistent.com\/wp-content\/uploads\/2020\/09\/persistent-systems-header-logo.png","width":435,"height":109,"caption":"Persistent Systems"},"image":{"@id":"https:\/\/www.persistent.com\/fr\/#\/schema\/logo\/image\/"},"sameAs":["https:\/\/www.facebook.com\/PersistentSystems","https:\/\/x.com\/Persistentsys","https:\/\/www.instagram.com\/persistent_systems\/","https:\/\/www.linkedin.com\/company\/persistent-systems","https:\/\/www.youtube.com\/channel\/UCcHUpqmNBz3lkTEbIVT_4mQ"]}]}},"acf":[],"_links":{"self":[{"href":"https:\/\/www.persistent.com\/fr\/wp-json\/wp\/v2\/pages\/107767","targetHints":{"allow":["GET"]}}],"collection":[{"href":"https:\/\/www.persistent.com\/fr\/wp-json\/wp\/v2\/pages"}],"about":[{"href":"https:\/\/www.persistent.com\/fr\/wp-json\/wp\/v2\/types\/page"}],"author":[{"embeddable":true,"href":"https:\/\/www.persistent.com\/fr\/wp-json\/wp\/v2\/users\/2"}],"replies":[{"embeddable":true,"href":"https:\/\/www.persistent.com\/fr\/wp-json\/wp\/v2\/comments?post=107767"}],"version-history":[{"count":7,"href":"https:\/\/www.persistent.com\/fr\/wp-json\/wp\/v2\/pages\/107767\/revisions"}],"predecessor-version":[{"id":125963,"href":"https:\/\/www.persistent.com\/fr\/wp-json\/wp\/v2\/pages\/107767\/revisions\/125963"}],"wp:attachment":[{"href":"https:\/\/www.persistent.com\/fr\/wp-json\/wp\/v2\/media?parent=107767"}],"curies":[{"name":"wp","href":"https:\/\/api.w.org\/{rel}","templated":true}]}}